{"id":445,"date":"2025-06-12T05:38:00","date_gmt":"2025-06-12T05:38:00","guid":{"rendered":"https:\/\/malayalis.who-cared.com\/?page_id=445"},"modified":"2025-08-11T11:26:16","modified_gmt":"2025-08-11T11:26:16","slug":"contribute","status":"publish","type":"page","link":"https:\/\/malayalis.who-cared.com\/en\/","title":{"rendered":"Home"},"content":{"rendered":"<section class=\"l-section wpb_row height_huge\"><div class=\"l-section-h i-cf\"><div class=\"g-cols vc_row via_grid cols_1-4-1 laptops-cols_inherit tablets-cols_inherit mobiles-cols_1 valign_top type_default stacking_default\"><div class=\"wpb_column vc_column_container\"><div class=\"vc_column-inner\"><\/div><\/div><div class=\"wpb_column vc_column_container\"><div class=\"vc_column-inner\"><div class=\"wpb_text_column\"><div class=\"wpb_wrapper\"><h3><span data-sheets-root=\"1\">Let\u2019s preserve the stories of the Malayali nurses!<\/span><\/h3>\n<\/div><\/div><div class=\"w-separator size_small\"><\/div><div class=\"w-image align_none\"><div class=\"w-image-h\"><img decoding=\"async\" width=\"1024\" height=\"736\" src=\"https:\/\/malayalis.who-cared.com\/wp-content\/uploads\/sites\/2\/2025\/06\/WHO_CARED_Contribute_02@2x-1024x736.jpg\" class=\"attachment-large size-large\" alt=\"\" loading=\"lazy\" srcset=\"https:\/\/malayalis.who-cared.com\/wp-content\/uploads\/sites\/2\/2025\/06\/WHO_CARED_Contribute_02@2x-1024x736.jpg 1024w, https:\/\/malayalis.who-cared.com\/wp-content\/uploads\/sites\/2\/2025\/06\/WHO_CARED_Contribute_02@2x-300x216.jpg 300w, https:\/\/malayalis.who-cared.com\/wp-content\/uploads\/sites\/2\/2025\/06\/WHO_CARED_Contribute_02@2x-18x12.jpg 18w, https:\/\/malayalis.who-cared.com\/wp-content\/uploads\/sites\/2\/2025\/06\/WHO_CARED_Contribute_02@2x.jpg 2000w\" sizes=\"auto, (max-width: 1024px) 100vw, 1024px\" \/><\/div><\/div><div class=\"wpb_text_column us_custom_f4397b66\"><div class=\"wpb_wrapper\"><p style=\"text-align: right;\">Mary, D\u00fcsseldorf, 1977<\/p>\n<\/div><\/div><div class=\"w-separator size_medium\"><\/div><div class=\"wpb_text_column\"><div class=\"wpb_wrapper\"><p>Great that you are interested in interviewing your mother, grandmother or another contemporary witness \u2013 and that you are making a valuable contribution to this online archive project.<\/p>\n<p>We will guide you step by step: with narrative impulses, technical tips and materials to help you create trusting conversations. We will soon be providing all participants with a useful interview toolkit.<\/p>\n<p>At the same time, we want to learn from each other and exchange experiences so that the online archive can grow in a collaborative and sustainable way.<\/p>\n<p>Sign up and become an active part of the WHO CARED community \u2013 together we will create a digital memorial to these remarkable women.<\/p>\n<\/div><\/div><div class=\"w-html\"><!-- Begin Brevo Form -->\n<!-- START - We recommend to place the below code in head tag of your website html  -->\n<style>\n  @font-face {\n    font-display: block;\n    font-family: Roboto;\n    src: url(https:\/\/assets.brevo.com\/font\/Roboto\/Latin\/normal\/normal\/7529907e9eaf8ebb5220c5f9850e3811.woff2) format(\"woff2\"), url(https:\/\/assets.brevo.com\/font\/Roboto\/Latin\/normal\/normal\/25c678feafdc175a70922a116c9be3e7.woff) format(\"woff\")\n  }\n\n  @font-face {\n    font-display: fallback;\n    font-family: Roboto;\n    font-weight: 600;\n    src: url(https:\/\/assets.brevo.com\/font\/Roboto\/Latin\/medium\/normal\/6e9caeeafb1f3491be3e32744bc30440.woff2) format(\"woff2\"), url(https:\/\/assets.brevo.com\/font\/Roboto\/Latin\/medium\/normal\/71501f0d8d5aa95960f6475d5487d4c2.woff) format(\"woff\")\n  }\n\n  @font-face {\n    font-display: fallback;\n    font-family: Roboto;\n    font-weight: 700;\n    src: url(https:\/\/assets.brevo.com\/font\/Roboto\/Latin\/bold\/normal\/3ef7cf158f310cf752d5ad08cd0e7e60.woff2) format(\"woff2\"), url(https:\/\/assets.brevo.com\/font\/Roboto\/Latin\/bold\/normal\/ece3a1d82f18b60bcce0211725c476aa.woff) format(\"woff\")\n  }\n\n  #sib-container input:-ms-input-placeholder {\n    text-align: left;\n    font-family: Helvetica, sans-serif;\n    color: #c0ccda;\n  }\n\n  #sib-container input::placeholder {\n    text-align: left;\n    font-family: Helvetica, sans-serif;\n    color: #c0ccda;\n  }\n\n  #sib-container textarea::placeholder {\n    text-align: left;\n    font-family: Helvetica, sans-serif;\n    color: #c0ccda;\n  }\n\n  #sib-container a {\n    text-decoration: underline;\n    color: #50b9df;\n  }\n<\/style>\n<link rel=\"stylesheet\" href=\"https:\/\/sibforms.com\/forms\/end-form\/build\/sib-styles.css\">\n<!--  END - We recommend to place the above code in head tag of your website html -->\n\n<!-- START - We recommend to place the below code where you want the form in your website html  -->\n<div class=\"sib-form\" style=\"text-align: center;         background-color: transparent;                                 \">\n  <div id=\"sib-form-container\" class=\"sib-form-container\">\n    <div id=\"error-message\" class=\"sib-form-message-panel\" style=\"font-size:16px; text-align:left; font-family:Helvetica, sans-serif; color:#661d1d; background-color:#ffeded; border-radius:3px; border-color:#ff4949;max-width:540px;\">\n      <div class=\"sib-form-message-panel__text sib-form-message-panel__text--center\">\n        <svg viewbox=\"0 0 512 512\" class=\"sib-icon sib-notification__icon\">\n          <path d=\"M256 40c118.621 0 216 96.075 216 216 0 119.291-96.61 216-216 216-119.244 0-216-96.562-216-216 0-119.203 96.602-216 216-216m0-32C119.043 8 8 119.083 8 256c0 136.997 111.043 248 248 248s248-111.003 248-248C504 119.083 392.957 8 256 8zm-11.49 120h22.979c6.823 0 12.274 5.682 11.99 12.5l-7 168c-.268 6.428-5.556 11.5-11.99 11.5h-8.979c-6.433 0-11.722-5.073-11.99-11.5l-7-168c-.283-6.818 5.167-12.5 11.99-12.5zM256 340c-15.464 0-28 12.536-28 28s12.536 28 28 28 28-12.536 28-28-12.536-28-28-28z\" \/>\n        <\/svg>\n        <span class=\"sib-form-message-panel__inner-text\">\n                          Deine Anmeldung konnte nicht gespeichert werden. Bitte versuche es erneut.\n                      <\/span>\n      <\/div>\n    <\/div>\n    <div><\/div>\n    <div id=\"success-message\" class=\"sib-form-message-panel\" style=\"font-size:16px; text-align:left; font-family:Helvetica, sans-serif; color:#085229; background-color:#e7faf0; border-radius:3px; border-color:#13ce66;max-width:540px;\">\n      <div class=\"sib-form-message-panel__text sib-form-message-panel__text--center\">\n        <svg viewbox=\"0 0 512 512\" class=\"sib-icon sib-notification__icon\">\n          <path d=\"M256 8C119.033 8 8 119.033 8 256s111.033 248 248 248 248-111.033 248-248S392.967 8 256 8zm0 464c-118.664 0-216-96.055-216-216 0-118.663 96.055-216 216-216 118.664 0 216 96.055 216 216 0 118.663-96.055 216-216 216zm141.63-274.961L217.15 376.071c-4.705 4.667-12.303 4.637-16.97-.068l-85.878-86.572c-4.667-4.705-4.637-12.303.068-16.97l8.52-8.451c4.705-4.667 12.303-4.637 16.97.068l68.976 69.533 163.441-162.13c4.705-4.667 12.303-4.637 16.97.068l8.451 8.52c4.668 4.705 4.637 12.303-.068 16.97z\" \/>\n        <\/svg>\n        <span class=\"sib-form-message-panel__inner-text\">\n                          Deine Anmeldung war erfolgreich.\n                      <\/span>\n      <\/div>\n    <\/div>\n    <div><\/div>\n    <div id=\"sib-container\" class=\"sib-container--large sib-container--vertical\" style=\"text-align:center; background-color:transparent; max-width:540px; border-radius:3px; border-width:0px; border-color:#000000; border-style:solid; direction:ltr\">\n      <form id=\"sib-form\" method=\"POST\" action=\"https:\/\/59975c2c.sibforms.com\/serve\/MUIFAPR4hUxCy6xxzMtaXhHVOa5zHp3Bq-y5Pfs1JhZPDDxSUFfGN1XSC7w7aB-XJVEZW1OQpkkx8oH6Wu-qEizr794ZXgnsL23bpqJmFaZwSV6Z-243hGGe8BzrjKUbu2NrSvDFRTh34p08gF3cN_5SLpfm43VFu3Kzqj_13kTyMVF7c9txxs16rHW1wBbtH3B5MQdgDZrFOGHu\" data-type=\"subscription\">\n        <div style=\"padding: 16px 0;\">\n          <div class=\"sib-input sib-form-block\">\n            <div class=\"form__entry entry_block\">\n              <div class=\"form__label-row\">\n                <label class=\"entry__label\" style=\"font-weight: 700; text-align:left; font-size:16px; text-align:left; font-weight:700; font-family:Helvetica, sans-serif; color:#2c1d40;\" for=\"VORNAME\" data-required=\"*\">Your First Name<\/label>\n\n                <div class=\"entry__field\">\n                  <input class=\"input\" maxlength=\"200\" type=\"text\" id=\"VORNAME\" name=\"VORNAME\" autocomplete=\"off\" data-required=\"true\" required \/>\n                <\/div>\n              <\/div>\n\n              <label class=\"entry__error entry__error--primary\" style=\"font-size:16px; text-align:left; font-family:Helvetica, sans-serif; color:#661d1d; background-color:#ffeded; border-radius:3px; border-color:#ff4949;\">\n              <\/label>\n            <\/div>\n          <\/div>\n        <\/div>\n        <div style=\"padding: 16px 0;\">\n          <div class=\"sib-input sib-form-block\">\n            <div class=\"form__entry entry_block\">\n              <div class=\"form__label-row\">\n                <label class=\"entry__label\" style=\"font-weight: 700; text-align:left; font-size:16px; text-align:left; font-weight:700; font-family:Helvetica, sans-serif; color:#2c1d40;\" for=\"NACHNAME\" data-required=\"*\">Your Last Name<\/label>\n\n                <div class=\"entry__field\">\n                  <input class=\"input\" maxlength=\"200\" type=\"text\" id=\"NACHNAME\" name=\"NACHNAME\" autocomplete=\"off\" data-required=\"true\" required \/>\n                <\/div>\n              <\/div>\n\n              <label class=\"entry__error entry__error--primary\" style=\"font-size:16px; text-align:left; font-family:Helvetica, sans-serif; color:#661d1d; background-color:#ffeded; border-radius:3px; border-color:#ff4949;\">\n              <\/label>\n            <\/div>\n          <\/div>\n        <\/div>\n        <div style=\"padding: 16px 0;\">\n          <div class=\"sib-select sib-form-block\" data-required=\"true\">\n            <div class=\"form__entry entry_block\">\n              <div class=\"form__label-row\">\n                <label class=\"entry__label\" style=\"font-weight: 700; text-align:left; font-size:16px; text-align:left; font-weight:700; font-family:Helvetica, sans-serif; color:#2c1d40;\" for=\"REGION\" data-required=\"*\">Your Region<\/label>\n                <div class=\"entry__field\">\n                  <select class=\"input\" id=\"REGION\" name=\"REGION\" data-required=\"true\">\n                    <option value=\"\" disabled selected hidden>Select one<\/option>\n\n                    <option class=\"sib-menu__item\" value=\"1\">\n                      Germany \/ Austria \/ Switzerland\n                    <\/option>\n                    <option class=\"sib-menu__item\" value=\"2\">\n                      USA \/ Canada\n                    <\/option>\n                    <option class=\"sib-menu__item\" value=\"3\">\n                      UK \/ Ireland\n                    <\/option>\n                    <option class=\"sib-menu__item\" value=\"4\">\n                      Gulf Region\n                    <\/option>\n                    <option class=\"sib-menu__item\" value=\"5\">\n                      Other\n                    <\/option>\n                  <\/select>\n                <\/div>\n              <\/div>\n              <label class=\"entry__error entry__error--primary\" style=\"font-size:16px; text-align:left; font-family:Helvetica, sans-serif; color:#661d1d; background-color:#ffeded; border-radius:3px; border-color:#ff4949;\">\n              <\/label>\n            <\/div>\n          <\/div>\n        <\/div>\n        <div style=\"padding: 16px 0;\">\n          <div class=\"sib-input sib-form-block\">\n            <div class=\"form__entry entry_block\">\n              <div class=\"form__label-row\">\n                <label class=\"entry__label\" style=\"font-weight: 700; text-align:left; font-size:16px; text-align:left; font-weight:700; font-family:Helvetica, sans-serif; color:#2c1d40;\" for=\"EMAIL\" data-required=\"*\">Your E-mail Address<\/label>\n\n                <div class=\"entry__field\">\n                  <input class=\"input\" type=\"text\" id=\"EMAIL\" name=\"EMAIL\" autocomplete=\"off\" data-required=\"true\" required \/>\n                <\/div>\n              <\/div>\n\n              <label class=\"entry__error entry__error--primary\" style=\"font-size:16px; text-align:left; font-family:Helvetica, sans-serif; color:#661d1d; background-color:#ffeded; border-radius:3px; border-color:#ff4949;\">\n              <\/label>\n            <\/div>\n          <\/div>\n        <\/div>\n        <div style=\"padding: 16px 0;\">\n          <div class=\"sib-input sib-form-block\">\n            <div class=\"form__entry entry_block\">\n              <div class=\"form__label-row\">\n                <label class=\"entry__label\" style=\"font-weight: 700; text-align:left; font-size:16px; text-align:left; font-weight:700; font-family:Helvetica, sans-serif; color:#2c1d40;\" for=\"MOBILE_NUMBER\">Your WhatsApp Number (optional)<\/label>\n\n                <div class=\"entry__field\">\n                  <input class=\"input\" maxlength=\"200\" type=\"text\" id=\"MOBILE_NUMBER\" name=\"MOBILE_NUMBER\" autocomplete=\"off\" placeholder=\"+49\" \/>\n                <\/div>\n              <\/div>\n\n              <label class=\"entry__error entry__error--primary\" style=\"font-size:16px; text-align:left; font-family:Helvetica, sans-serif; color:#661d1d; background-color:#ffeded; border-radius:3px; border-color:#ff4949;\">\n              <\/label>\n            <\/div>\n          <\/div>\n        <\/div>\n        <div style=\"padding: 16px 0;\">\n          <div class=\"sib-form-block\" style=\"font-size:13px; text-align:left; font-family:Helvetica, sans-serif; color:#2c1d40; background-color:transparent; text-align:left\">\n            <div class=\"sib-text-form-block\">\n              <p>Your e-mail address will only be used to send you information about this project. It will not be passed on to third parties or used for other purposes. If you provide your mobile number, we will add you to our WhatsApp info channel, where your number will also be visible to other members. Read more in our <a href=\"https:\/\/who-cared.com\/privacy\" target=\"_blank\">privacy policy<\/a>.<\/p>\n            <\/div>\n          <\/div>\n        <\/div>\n        <div style=\"padding: 16px 0;\">\n          <div class=\"sib-form-block\" style=\"text-align: left\">\n            <button class=\"sib-form-block__button sib-form-block__button-with-loader\" style=\"font-size:16px; text-align:left; font-weight:700; font-family:Helvetica, sans-serif; color:#e5e0d3; background-color:#2c1d40; border-radius:3px; border-width:0px;\" form=\"sib-form\" type=\"submit\">\n              <svg class=\"icon clickable__icon progress-indicator__icon sib-hide-loader-icon\" viewbox=\"0 0 512 512\" style=\"\">\n                <path d=\"M460.116 373.846l-20.823-12.022c-5.541-3.199-7.54-10.159-4.663-15.874 30.137-59.886 28.343-131.652-5.386-189.946-33.641-58.394-94.896-95.833-161.827-99.676C261.028 55.961 256 50.751 256 44.352V20.309c0-6.904 5.808-12.337 12.703-11.982 83.556 4.306 160.163 50.864 202.11 123.677 42.063 72.696 44.079 162.316 6.031 236.832-3.14 6.148-10.75 8.461-16.728 5.01z\" \/>\n              <\/svg>\n              SIGN UP\n            <\/button>\n          <\/div>\n        <\/div>\n\n        <input type=\"text\" name=\"email_address_check\" value=\"\" class=\"input--hidden\">\n        <input type=\"hidden\" name=\"locale\" value=\"de\">\n      <\/form>\n    <\/div>\n  <\/div>\n<\/div>\n<!-- END - We recommend to place the above code where you want the form in your website html  -->\n\n<!-- START - We recommend to place the below code in footer or bottom of your website html  -->\n<script>\n  window.REQUIRED_CODE_ERROR_MESSAGE = 'W\u00e4hle bitte einen L\u00e4ndervorwahl aus.';\n  window.LOCALE = 'de';\n  window.EMAIL_INVALID_MESSAGE = window.SMS_INVALID_MESSAGE = \"Die eingegebenen Informationen sind nicht g\u00fcltig. Bitte \u00fcberpr\u00fcfe das Feldformat und versuche es erneut.\";\n\n  window.REQUIRED_ERROR_MESSAGE = \"Dieses Feld darf nicht leer sein. \";\n\n  window.GENERIC_INVALID_MESSAGE = \"Die eingegebenen Informationen sind nicht g\u00fcltig. Bitte \u00fcberpr\u00fcfe das Feldformat und versuche es erneut.\";\n\n\n\n\n  window.translation = {\n    common: {\n      selectedList: '{quantity} Liste ausgew\u00e4hlt',\n      selectedLists: '{quantity} Listen ausgew\u00e4hlt',\n      selectedOption: '{quantity} ausgew\u00e4hlt',\n      selectedOptions: '{quantity} ausgew\u00e4hlt',\n    }\n  };\n\n  var AUTOHIDE = Boolean(0);\n<\/script>\n\n<script defer src=\"https:\/\/sibforms.com\/forms\/end-form\/build\/main.js\"><\/script>\n\n\n<!-- END - We recommend to place the above code in footer or bottom of your website html  -->\n<!-- End Brevo Form --><\/div><\/div><\/div><div class=\"wpb_column vc_column_container\"><div class=\"vc_column-inner\"><\/div><\/div><\/div><\/div><\/section><section class=\"l-section wpb_row us_custom_1d3424a0 height_huge\"><div class=\"l-section-h i-cf\"><div class=\"g-cols vc_row via_grid cols_custom laptops-cols_inherit tablets-cols_inherit mobiles-cols_1 valign_middle type_default stacking_default\" style=\"--columns-gap:0rem;--custom-columns:1fr 4fr 1fr \"><div class=\"wpb_column vc_column_container\"><div class=\"vc_column-inner\"><\/div><\/div><div class=\"wpb_column vc_column_container\"><div class=\"vc_column-inner\"><div class=\"wpb_text_column\"><div class=\"wpb_wrapper\"><p style=\"text-align: center;\" data-start=\"778\" data-end=\"852\"><span data-sheets-root=\"1\">We\u2019d be delighted if you shared WHO CARED with others \u2013 especially with the ones who would also be interest to interview their mother, grandmother, or another woman from that part of migration history.<\/span><\/p>\n<\/div><\/div><div class=\"w-separator size_medium\"><\/div><div class=\"g-cols wpb_row via_grid cols_4 laptops-cols_inherit tablets-cols_3 mobiles-cols_2 valign_middle type_default stacking_default\" style=\"--columns-gap:1.5rem;\"><div class=\"wpb_column vc_column_container\"><div class=\"vc_column-inner\"><div class=\"w-iconbox iconpos_top style_circle color_custom align_center no_text no_title\"><a target=\"_blank\" href=\"https:\/\/www.instagram.com\/who___cared\/\" class=\"w-iconbox-link\" aria-label=\"fab|instagram\"><div class=\"w-iconbox-icon\" style=\"font-size:50px;--icon-color:#E5E0D3;--icon-bg-color:var(--color-content-text);\"><i class=\"fab fa-instagram\"><\/i><\/div><\/a><div class=\"w-iconbox-meta\"><\/div><\/div><\/div><\/div><div class=\"wpb_column vc_column_container\"><div class=\"vc_column-inner\"><div class=\"w-iconbox iconpos_top style_circle color_custom align_center no_text no_title\"><a target=\"_blank\" href=\"https:\/\/wa.me\/?text=Please check out this project: https:\/\/who-cared.com\" class=\"w-iconbox-link\" aria-label=\"fab|whatsapp\"><div class=\"w-iconbox-icon\" style=\"font-size:50px;--icon-color:#E5E0D3;--icon-bg-color:var(--color-content-text);\"><i class=\"fab fa-whatsapp\"><\/i><\/div><\/a><div class=\"w-iconbox-meta\"><\/div><\/div><\/div><\/div><div class=\"wpb_column vc_column_container\"><div class=\"vc_column-inner\"><div class=\"w-iconbox iconpos_top style_circle color_custom align_center no_text no_title\"><a target=\"_blank\" href=\"https:\/\/t.me\/share\/url?url=https:\/\/who-cared.com&amp;text=Please check out this project!\" class=\"w-iconbox-link\" aria-label=\"fab|telegram\"><div class=\"w-iconbox-icon\" style=\"font-size:50px;--icon-color:#E5E0D3;--icon-bg-color:var(--color-content-text);\"><i class=\"fab fa-telegram\"><\/i><\/div><\/a><div class=\"w-iconbox-meta\"><\/div><\/div><\/div><\/div><div class=\"wpb_column vc_column_container\"><div class=\"vc_column-inner\"><div class=\"w-iconbox iconpos_top style_circle color_custom align_center no_text no_title\"><a target=\"_blank\" href=\"mailto:?subject=Project WHO CARED&amp;body=Please check out this project: https:\/\/who-cared.com\" class=\"w-iconbox-link\" aria-label=\"far|envelope\"><div class=\"w-iconbox-icon\" style=\"font-size:50px;--icon-color:#E5E0D3;--icon-bg-color:var(--color-content-text);\"><i class=\"far fa-envelope\"><\/i><\/div><\/a><div class=\"w-iconbox-meta\"><\/div><\/div><\/div><\/div><\/div><div class=\"w-separator size_large\"><\/div><div class=\"wpb_text_column\"><div class=\"wpb_wrapper\"><p style=\"text-align: center;\" data-start=\"778\" data-end=\"852\"><span data-sheets-root=\"1\">And feel free to pass along our donation page on betterplace.org \u2013 every contribution helps this project grow and continue.<\/span><\/p>\n<\/div><\/div><div class=\"w-separator size_medium\"><\/div><div class=\"w-btn-wrapper align_center\"><a class=\"w-btn us-btn-style_1\" target=\"_blank\" href=\"https:\/\/www.betterplace.org\/de\/projects\/155724\"><span class=\"w-btn-label\">BETTERPLACE.ORG<\/span><\/a><\/div><\/div><\/div><div class=\"wpb_column vc_column_container\"><div class=\"vc_column-inner\"><\/div><\/div><\/div><\/div><\/section><section class=\"l-section wpb_row height_huge\"><div class=\"l-section-h i-cf\"><div class=\"g-cols vc_row via_grid cols_1 laptops-cols_inherit tablets-cols_inherit mobiles-cols_1 valign_top type_default stacking_default\"><div class=\"wpb_column vc_column_container\"><div class=\"vc_column-inner\"><div class=\"w-separator size_huge\"><\/div><\/div><\/div><\/div><\/div><\/section>","protected":false},"excerpt":{"rendered":"Lasst uns die Geschichten der Malayali-Pflegerinnen festhalten! Mary, D\u00fcsseldorf, 1977 Toll, dass Du Interesse hast, Deine Mutter, Gro\u00dfmutter oder eine andere Zeitzeugin zu interviewen \u2013 und damit einen wertvollen Beitrag zu diesem Projekt leistest. Wir begleiten Dich Schritt f\u00fcr Schritt: mit Erz\u00e4hlimpulsen, technischen Tipps und Materialien, die helfen, vertrauensvolle Gespr\u00e4che zu gestalten. Schon bald stellen...","protected":false},"author":2,"featured_media":0,"parent":0,"menu_order":0,"comment_status":"closed","ping_status":"closed","template":"","meta":{"_acf_changed":false,"footnotes":""},"class_list":["post-445","page","type-page","status-publish","hentry"],"acf":[],"_links":{"self":[{"href":"https:\/\/malayalis.who-cared.com\/en\/wp-json\/wp\/v2\/pages\/445","targetHints":{"allow":["GET"]}}],"collection":[{"href":"https:\/\/malayalis.who-cared.com\/en\/wp-json\/wp\/v2\/pages"}],"about":[{"href":"https:\/\/malayalis.who-cared.com\/en\/wp-json\/wp\/v2\/types\/page"}],"author":[{"embeddable":true,"href":"https:\/\/malayalis.who-cared.com\/en\/wp-json\/wp\/v2\/users\/2"}],"replies":[{"embeddable":true,"href":"https:\/\/malayalis.who-cared.com\/en\/wp-json\/wp\/v2\/comments?post=445"}],"version-history":[{"count":51,"href":"https:\/\/malayalis.who-cared.com\/en\/wp-json\/wp\/v2\/pages\/445\/revisions"}],"predecessor-version":[{"id":526,"href":"https:\/\/malayalis.who-cared.com\/en\/wp-json\/wp\/v2\/pages\/445\/revisions\/526"}],"wp:attachment":[{"href":"https:\/\/malayalis.who-cared.com\/en\/wp-json\/wp\/v2\/media?parent=445"}],"curies":[{"name":"wp","href":"https:\/\/api.w.org\/{rel}","templated":true}]}}